{"id":3485,"date":"2022-10-11T10:21:23","date_gmt":"2022-10-11T10:21:23","guid":{"rendered":"https:\/\/sersa.amwebdesigner.com\/?page_id=3485"},"modified":"2024-09-06T08:06:07","modified_gmt":"2024-09-06T08:06:07","slug":"champions","status":"publish","type":"page","link":"https:\/\/www.sommelierserbia.com\/en\/champions\/","title":{"rendered":"Champions"},"content":{"rendered":"\t\t<div data-elementor-type=\"wp-page\" data-elementor-id=\"3485\" class=\"elementor elementor-3485 elementor-1026\" data-elementor-post-type=\"page\">\n\t\t\t\t<div class=\"elementor-element elementor-element-c86b31e e-flex e-con-boxed e-con e-parent\" data-id=\"c86b31e\" data-element_type=\"container\" data-settings=\"{&quot;background_background&quot;:&quot;classic&quot;,&quot;jet_parallax_layout_list&quot;:[]}\">\n\t\t\t\t\t<div class=\"e-con-inner\">\n\t\t\t\t<div class=\"elementor-element elementor-element-bdd1775 elementor-widget__width-inherit elementor-widget elementor-widget-heading\" data-id=\"bdd1775\" data-element_type=\"widget\" data-widget_type=\"heading.default\">\n\t\t\t\t<div class=\"elementor-widget-container\">\n\t\t\t<style>\/*! elementor - v3.23.0 - 05-08-2024 *\/\n.elementor-heading-title{padding:0;margin:0;line-height:1}.elementor-widget-heading .elementor-heading-title[class*=elementor-size-]>a{color:inherit;font-size:inherit;line-height:inherit}.elementor-widget-heading .elementor-heading-title.elementor-size-small{font-size:15px}.elementor-widget-heading .elementor-heading-title.elementor-size-medium{font-size:19px}.elementor-widget-heading .elementor-heading-title.elementor-size-large{font-size:29px}.elementor-widget-heading .elementor-heading-title.elementor-size-xl{font-size:39px}.elementor-widget-heading .elementor-heading-title.elementor-size-xxl{font-size:59px}<\/style><h1 class=\"elementor-heading-title elementor-size-default\">Our champions<\/h1>\t\t<\/div>\n\t\t\t\t<\/div>\n\t\t\t\t<div class=\"elementor-element elementor-element-8e8375f elementor-widget__width-initial elementor-widget-mobile__width-inherit elementor-position-top elementor-widget elementor-widget-image-box\" data-id=\"8e8375f\" data-element_type=\"widget\" data-widget_type=\"image-box.default\">\n\t\t\t\t<div class=\"elementor-widget-container\">\n\t\t\t<style>\/*! elementor - v3.23.0 - 05-08-2024 *\/\n.elementor-widget-image-box .elementor-image-box-content{width:100%}@media (min-width:768px){.elementor-widget-image-box.elementor-position-left .elementor-image-box-wrapper,.elementor-widget-image-box.elementor-position-right .elementor-image-box-wrapper{display:flex}.elementor-widget-image-box.elementor-position-right .elementor-image-box-wrapper{text-align:end;flex-direction:row-reverse}.elementor-widget-image-box.elementor-position-left .elementor-image-box-wrapper{text-align:start;flex-direction:row}.elementor-widget-image-box.elementor-position-top .elementor-image-box-img{margin:auto}.elementor-widget-image-box.elementor-vertical-align-top .elementor-image-box-wrapper{align-items:flex-start}.elementor-widget-image-box.elementor-vertical-align-middle .elementor-image-box-wrapper{align-items:center}.elementor-widget-image-box.elementor-vertical-align-bottom .elementor-image-box-wrapper{align-items:flex-end}}@media (max-width:767px){.elementor-widget-image-box .elementor-image-box-img{margin-left:auto!important;margin-right:auto!important;margin-bottom:15px}}.elementor-widget-image-box .elementor-image-box-img{display:inline-block}.elementor-widget-image-box .elementor-image-box-title a{color:inherit}.elementor-widget-image-box .elementor-image-box-wrapper{text-align:center}.elementor-widget-image-box .elementor-image-box-description{margin:0}<\/style><div class=\"elementor-image-box-wrapper\"><figure class=\"elementor-image-box-img\"><img fetchpriority=\"high\" width=\"900\" height=\"600\" src=\"https:\/\/www.sommelierserbia.com\/wp-content\/uploads\/2024\/08\/VUK.jpg\" class=\"attachment-full size-full wp-image-4317\" alt=\"\" srcset=\"https:\/\/www.sommelierserbia.com\/wp-content\/uploads\/2024\/08\/VUK.jpg 900w, https:\/\/www.sommelierserbia.com\/wp-content\/uploads\/2024\/08\/VUK-300x200.jpg 300w, https:\/\/www.sommelierserbia.com\/wp-content\/uploads\/2024\/08\/VUK-768x512.jpg 768w\" sizes=\"(max-width: 900px) 100vw, 900px\" \/><\/figure><div class=\"elementor-image-box-content\"><h3 class=\"elementor-image-box-title\">Vuk Vuleti\u0107<\/h3><p class=\"elementor-image-box-description\">Serbian Sommelier Competition 2023.<\/p><\/div><\/div>\t\t<\/div>\n\t\t\t\t<\/div>\n\t\t\t\t<div class=\"elementor-element elementor-element-9660dc2 elementor-widget__width-initial elementor-widget-mobile__width-inherit elementor-position-top elementor-widget elementor-widget-image-box\" data-id=\"9660dc2\" data-element_type=\"widget\" data-widget_type=\"image-box.default\">\n\t\t\t\t<div class=\"elementor-widget-container\">\n\t\t\t<div class=\"elementor-image-box-wrapper\"><figure class=\"elementor-image-box-img\"><img width=\"1200\" height=\"800\" src=\"https:\/\/www.sommelierserbia.com\/wp-content\/uploads\/2024\/09\/sotiris.jpg\" class=\"attachment-full size-full wp-image-4524\" alt=\"\" srcset=\"https:\/\/www.sommelierserbia.com\/wp-content\/uploads\/2024\/09\/sotiris.jpg 1200w, https:\/\/www.sommelierserbia.com\/wp-content\/uploads\/2024\/09\/sotiris-300x200.jpg 300w, https:\/\/www.sommelierserbia.com\/wp-content\/uploads\/2024\/09\/sotiris-1024x683.jpg 1024w, https:\/\/www.sommelierserbia.com\/wp-content\/uploads\/2024\/09\/sotiris-768x512.jpg 768w\" sizes=\"(max-width: 1200px) 100vw, 1200px\" \/><\/figure><div class=\"elementor-image-box-content\"><h3 class=\"elementor-image-box-title\">Sotiris Neophytidis<\/h3><p class=\"elementor-image-box-description\">Balkan Sommelier Challenge 2022<\/p><\/div><\/div>\t\t<\/div>\n\t\t\t\t<\/div>\n\t\t\t\t<div class=\"elementor-element elementor-element-de84035 elementor-widget__width-initial elementor-widget-mobile__width-inherit elementor-position-top elementor-widget elementor-widget-image-box\" data-id=\"de84035\" data-element_type=\"widget\" data-widget_type=\"image-box.default\">\n\t\t\t\t<div class=\"elementor-widget-container\">\n\t\t\t<div class=\"elementor-image-box-wrapper\"><figure class=\"elementor-image-box-img\"><img width=\"900\" height=\"600\" src=\"https:\/\/www.sommelierserbia.com\/wp-content\/uploads\/2022\/08\/Young-Sommelier-Challenge52.jpg\" class=\"attachment-full size-full wp-image-2439\" alt=\"\" srcset=\"https:\/\/www.sommelierserbia.com\/wp-content\/uploads\/2022\/08\/Young-Sommelier-Challenge52.jpg 900w, https:\/\/www.sommelierserbia.com\/wp-content\/uploads\/2022\/08\/Young-Sommelier-Challenge52-300x200.jpg 300w, https:\/\/www.sommelierserbia.com\/wp-content\/uploads\/2022\/08\/Young-Sommelier-Challenge52-768x512.jpg 768w\" sizes=\"(max-width: 900px) 100vw, 900px\" \/><\/figure><div class=\"elementor-image-box-content\"><h3 class=\"elementor-image-box-title\">Marko Krsti\u0107<\/h3><p class=\"elementor-image-box-description\">Serbian Young Sommelier Challenge 2021<\/p><\/div><\/div>\t\t<\/div>\n\t\t\t\t<\/div>\n\t\t\t\t<div class=\"elementor-element elementor-element-956f0c1 elementor-widget__width-initial elementor-widget-mobile__width-inherit elementor-position-top elementor-widget elementor-widget-image-box\" data-id=\"956f0c1\" data-element_type=\"widget\" data-widget_type=\"image-box.default\">\n\t\t\t\t<div class=\"elementor-widget-container\">\n\t\t\t<div class=\"elementor-image-box-wrapper\"><figure class=\"elementor-image-box-img\"><img loading=\"lazy\" width=\"900\" height=\"621\" src=\"https:\/\/www.sommelierserbia.com\/wp-content\/uploads\/2022\/08\/Sparkling-wine-competition-2019-101.jpg\" class=\"attachment-full size-full wp-image-2592\" alt=\"\" srcset=\"https:\/\/www.sommelierserbia.com\/wp-content\/uploads\/2022\/08\/Sparkling-wine-competition-2019-101.jpg 900w, https:\/\/www.sommelierserbia.com\/wp-content\/uploads\/2022\/08\/Sparkling-wine-competition-2019-101-300x207.jpg 300w, https:\/\/www.sommelierserbia.com\/wp-content\/uploads\/2022\/08\/Sparkling-wine-competition-2019-101-768x530.jpg 768w\" sizes=\"(max-width: 900px) 100vw, 900px\" \/><\/figure><div class=\"elementor-image-box-content\"><h3 class=\"elementor-image-box-title\">Milena Zakari\u0107<\/h3><p class=\"elementor-image-box-description\">Serbian Sparkling wine Sommelier Competition 2019\n<\/p><\/div><\/div>\t\t<\/div>\n\t\t\t\t<\/div>\n\t\t\t\t\t<\/div>\n\t\t\t\t<\/div>\n\t\t<div class=\"elementor-element elementor-element-9be6d1a e-flex e-con-boxed e-con e-parent\" data-id=\"9be6d1a\" data-element_type=\"container\" data-settings=\"{&quot;background_background&quot;:&quot;classic&quot;,&quot;jet_parallax_layout_list&quot;:[]}\">\n\t\t\t\t\t<div class=\"e-con-inner\">\n\t\t<div class=\"elementor-element elementor-element-1de2755 e-con-full e-flex e-con e-child\" data-id=\"1de2755\" data-element_type=\"container\" data-settings=\"{&quot;jet_parallax_layout_list&quot;:[]}\">\n\t\t\t\t<div class=\"elementor-element elementor-element-866e2eb elementor-widget elementor-widget-image\" data-id=\"866e2eb\" data-element_type=\"widget\" data-widget_type=\"image.default\">\n\t\t\t\t<div class=\"elementor-widget-container\">\n\t\t\t<style>\/*! elementor - v3.23.0 - 05-08-2024 *\/\n.elementor-widget-image{text-align:center}.elementor-widget-image a{display:inline-block}.elementor-widget-image a img[src$=\".svg\"]{width:48px}.elementor-widget-image img{vertical-align:middle;display:inline-block}<\/style>\t\t\t\t\t\t\t\t\t\t<img loading=\"lazy\" width=\"1000\" height=\"581\" src=\"https:\/\/www.sommelierserbia.com\/wp-content\/uploads\/2022\/08\/Artboard-3.jpg\" class=\"attachment-large size-large wp-image-2510\" alt=\"\" srcset=\"https:\/\/www.sommelierserbia.com\/wp-content\/uploads\/2022\/08\/Artboard-3.jpg 1000w, https:\/\/www.sommelierserbia.com\/wp-content\/uploads\/2022\/08\/Artboard-3-300x174.jpg 300w, https:\/\/www.sommelierserbia.com\/wp-content\/uploads\/2022\/08\/Artboard-3-768x446.jpg 768w\" sizes=\"(max-width: 1000px) 100vw, 1000px\" \/>\t\t\t\t\t\t\t\t\t\t\t\t\t<\/div>\n\t\t\t\t<\/div>\n\t\t\t\t<div class=\"elementor-element elementor-element-efd05c2 elementor-widget elementor-widget-heading\" data-id=\"efd05c2\" data-element_type=\"widget\" data-widget_type=\"heading.default\">\n\t\t\t\t<div class=\"elementor-widget-container\">\n\t\t\t<h4 class=\"elementor-heading-title elementor-size-default\">Serbian Young Sommelier Challenge<\/h4>\t\t<\/div>\n\t\t\t\t<\/div>\n\t\t\t\t<div class=\"elementor-element elementor-element-280041d elementor-widget elementor-widget-text-editor\" data-id=\"280041d\" data-element_type=\"widget\" data-widget_type=\"text-editor.default\">\n\t\t\t\t<div class=\"elementor-widget-container\">\n\t\t\t<style>\/*! elementor - v3.23.0 - 05-08-2024 *\/\n.elementor-widget-text-editor.elementor-drop-cap-view-stacked .elementor-drop-cap{background-color:#69727d;color:#fff}.elementor-widget-text-editor.elementor-drop-cap-view-framed .elementor-drop-cap{color:#69727d;border:3px solid;background-color:transparent}.elementor-widget-text-editor:not(.elementor-drop-cap-view-default) .elementor-drop-cap{margin-top:8px}.elementor-widget-text-editor:not(.elementor-drop-cap-view-default) .elementor-drop-cap-letter{width:1em;height:1em}.elementor-widget-text-editor .elementor-drop-cap{float:left;text-align:center;line-height:1;font-size:50px}.elementor-widget-text-editor .elementor-drop-cap-letter{display:inline-block}<\/style>\t\t\t\t<ul><li>2021. <strong>Marko Krsti\u0107<\/strong><\/li><\/ul>\t\t\t\t\t\t<\/div>\n\t\t\t\t<\/div>\n\t\t\t\t<div class=\"elementor-element elementor-element-aef8a68 elementor-widget elementor-widget-image\" data-id=\"aef8a68\" data-element_type=\"widget\" data-widget_type=\"image.default\">\n\t\t\t\t<div class=\"elementor-widget-container\">\n\t\t\t\t\t\t\t\t\t\t\t\t\t<img loading=\"lazy\" width=\"956\" height=\"482\" src=\"https:\/\/www.sommelierserbia.com\/wp-content\/uploads\/2022\/08\/Takmic\u030cenje-somelijera-2020.jpg\" class=\"attachment-large size-large wp-image-2686\" alt=\"\" srcset=\"https:\/\/www.sommelierserbia.com\/wp-content\/uploads\/2022\/08\/Takmic\u030cenje-somelijera-2020.jpg 956w, https:\/\/www.sommelierserbia.com\/wp-content\/uploads\/2022\/08\/Takmic\u030cenje-somelijera-2020-300x151.jpg 300w, https:\/\/www.sommelierserbia.com\/wp-content\/uploads\/2022\/08\/Takmic\u030cenje-somelijera-2020-768x387.jpg 768w\" sizes=\"(max-width: 956px) 100vw, 956px\" \/>\t\t\t\t\t\t\t\t\t\t\t\t\t<\/div>\n\t\t\t\t<\/div>\n\t\t\t\t<div class=\"elementor-element elementor-element-2fbc8fe elementor-widget elementor-widget-heading\" data-id=\"2fbc8fe\" data-element_type=\"widget\" data-widget_type=\"heading.default\">\n\t\t\t\t<div class=\"elementor-widget-container\">\n\t\t\t<h4 class=\"elementor-heading-title elementor-size-default\">Serbian Sommelier Competition<\/h4>\t\t<\/div>\n\t\t\t\t<\/div>\n\t\t\t\t<div class=\"elementor-element elementor-element-7b2084e elementor-widget elementor-widget-text-editor\" data-id=\"7b2084e\" data-element_type=\"widget\" data-widget_type=\"text-editor.default\">\n\t\t\t\t<div class=\"elementor-widget-container\">\n\t\t\t\t\t\t\t<ul><li>2023. <strong>Vuk Vuleti\u0107<\/strong><\/li><li>2020. <strong>Ivan Nikoli\u0107<\/strong><\/li><li>2017. <strong>Vuk Vuleti\u0107<\/strong><\/li><li>2014. <strong>Sr\u0111an Janji\u0107<\/strong><\/li><li>2012. <strong>Minja Petrovi\u0107<\/strong><\/li><li>2010. <strong>\u0110ur\u0111a Kati\u0107<\/strong><\/li><li>2008. <strong>\u0110ur\u0111a Kati\u0107<\/strong><\/li><li>2006. <strong>Stevan Rajta<\/strong><\/li><li>2004. <strong>Stevan Rajta<\/strong><\/li><\/ul>\t\t\t\t\t\t<\/div>\n\t\t\t\t<\/div>\n\t\t\t\t<\/div>\n\t\t<div class=\"elementor-element elementor-element-189edf3 e-con-full e-flex e-con e-child\" data-id=\"189edf3\" data-element_type=\"container\" data-settings=\"{&quot;jet_parallax_layout_list&quot;:[]}\">\n\t\t\t\t<div class=\"elementor-element elementor-element-24bc667 elementor-widget elementor-widget-image\" data-id=\"24bc667\" data-element_type=\"widget\" data-widget_type=\"image.default\">\n\t\t\t\t<div class=\"elementor-widget-container\">\n\t\t\t\t\t\t\t\t\t\t\t\t\t<img loading=\"lazy\" width=\"1024\" height=\"456\" src=\"https:\/\/www.sommelierserbia.com\/wp-content\/uploads\/2022\/08\/somm-sparkling-wine-competition-1024x456.jpg\" class=\"attachment-large size-large wp-image-2681\" alt=\"\" srcset=\"https:\/\/www.sommelierserbia.com\/wp-content\/uploads\/2022\/08\/somm-sparkling-wine-competition-1024x456.jpg 1024w, https:\/\/www.sommelierserbia.com\/wp-content\/uploads\/2022\/08\/somm-sparkling-wine-competition-300x134.jpg 300w, https:\/\/www.sommelierserbia.com\/wp-content\/uploads\/2022\/08\/somm-sparkling-wine-competition-768x342.jpg 768w, https:\/\/www.sommelierserbia.com\/wp-content\/uploads\/2022\/08\/somm-sparkling-wine-competition-1536x684.jpg 1536w, https:\/\/www.sommelierserbia.com\/wp-content\/uploads\/2022\/08\/somm-sparkling-wine-competition-2048x912.jpg 2048w\" sizes=\"(max-width: 1024px) 100vw, 1024px\" \/>\t\t\t\t\t\t\t\t\t\t\t\t\t<\/div>\n\t\t\t\t<\/div>\n\t\t\t\t<div class=\"elementor-element elementor-element-f6b0edb elementor-widget elementor-widget-heading\" data-id=\"f6b0edb\" data-element_type=\"widget\" data-widget_type=\"heading.default\">\n\t\t\t\t<div class=\"elementor-widget-container\">\n\t\t\t<h4 class=\"elementor-heading-title elementor-size-default\">Serbian Sparkling wine Sommelier Competition \n<\/h4>\t\t<\/div>\n\t\t\t\t<\/div>\n\t\t\t\t<div class=\"elementor-element elementor-element-51a8a06 elementor-widget elementor-widget-text-editor\" data-id=\"51a8a06\" data-element_type=\"widget\" data-widget_type=\"text-editor.default\">\n\t\t\t\t<div class=\"elementor-widget-container\">\n\t\t\t\t\t\t\t<ul><li>2019.\u00a0<strong>Milena Zakari\u0107<\/strong><\/li><li>2016.<strong> Vuk Vuleti\u0107<\/strong><\/li><li>2015.<strong> Ivan Nikoli\u0107<\/strong><\/li><\/ul>\t\t\t\t\t\t<\/div>\n\t\t\t\t<\/div>\n\t\t\t\t<div class=\"elementor-element elementor-element-0f92661 elementor-widget elementor-widget-image\" data-id=\"0f92661\" data-element_type=\"widget\" data-widget_type=\"image.default\">\n\t\t\t\t<div class=\"elementor-widget-container\">\n\t\t\t\t\t\t\t\t\t\t\t\t\t<img loading=\"lazy\" width=\"1024\" height=\"453\" src=\"https:\/\/www.sommelierserbia.com\/wp-content\/uploads\/2022\/08\/BSC-logo-i-naziv-NARANDZ\u030cASTA-2018.08-1024x453.jpg\" class=\"attachment-large size-large wp-image-2362\" alt=\"\" srcset=\"https:\/\/www.sommelierserbia.com\/wp-content\/uploads\/2022\/08\/BSC-logo-i-naziv-NARANDZ\u030cASTA-2018.08-1024x453.jpg 1024w, https:\/\/www.sommelierserbia.com\/wp-content\/uploads\/2022\/08\/BSC-logo-i-naziv-NARANDZ\u030cASTA-2018.08-300x133.jpg 300w, https:\/\/www.sommelierserbia.com\/wp-content\/uploads\/2022\/08\/BSC-logo-i-naziv-NARANDZ\u030cASTA-2018.08-768x340.jpg 768w, https:\/\/www.sommelierserbia.com\/wp-content\/uploads\/2022\/08\/BSC-logo-i-naziv-NARANDZ\u030cASTA-2018.08-1536x679.jpg 1536w, https:\/\/www.sommelierserbia.com\/wp-content\/uploads\/2022\/08\/BSC-logo-i-naziv-NARANDZ\u030cASTA-2018.08-2048x905.jpg 2048w\" sizes=\"(max-width: 1024px) 100vw, 1024px\" \/>\t\t\t\t\t\t\t\t\t\t\t\t\t<\/div>\n\t\t\t\t<\/div>\n\t\t\t\t<div class=\"elementor-element elementor-element-776a5b6 elementor-widget elementor-widget-heading\" data-id=\"776a5b6\" data-element_type=\"widget\" data-widget_type=\"heading.default\">\n\t\t\t\t<div class=\"elementor-widget-container\">\n\t\t\t<h4 class=\"elementor-heading-title elementor-size-default\">Balkan Sommelier Challenge <\/h4>\t\t<\/div>\n\t\t\t\t<\/div>\n\t\t\t\t<div class=\"elementor-element elementor-element-1d83f8a elementor-widget elementor-widget-text-editor\" data-id=\"1d83f8a\" data-element_type=\"widget\" data-widget_type=\"text-editor.default\">\n\t\t\t\t<div class=\"elementor-widget-container\">\n\t\t\t\t\t\t\t<ul><li>2022, <strong>Sotiris Neophytidis<\/strong><\/li><li>2018. <strong>Vuk Vuleti\u0107<\/strong><\/li><\/ul>\t\t\t\t\t\t<\/div>\n\t\t\t\t<\/div>\n\t\t\t\t<\/div>\n\t\t\t\t\t<\/div>\n\t\t\t\t<\/div>\n\t\t<div class=\"elementor-element elementor-element-d2f072d e-flex e-con-boxed e-con e-parent\" data-id=\"d2f072d\" data-element_type=\"container\" data-settings=\"{&quot;jet_parallax_layout_list&quot;:[]}\">\n\t\t\t\t\t<div class=\"e-con-inner\">\n\t\t\t\t<div class=\"elementor-element elementor-element-b68c7c1 elementor-widget__width-inherit elementor-widget elementor-widget-heading\" data-id=\"b68c7c1\" data-element_type=\"widget\" data-widget_type=\"heading.default\">\n\t\t\t\t<div class=\"elementor-widget-container\">\n\t\t\t<h2 class=\"elementor-heading-title elementor-size-default\">ASI champions<\/h2>\t\t<\/div>\n\t\t\t\t<\/div>\n\t\t<div class=\"elementor-element elementor-element-37a5f9a e-con-full e-flex e-con e-child\" data-id=\"37a5f9a\" data-element_type=\"container\" data-settings=\"{&quot;jet_parallax_layout_list&quot;:[]}\">\n\t\t\t\t<div class=\"elementor-element elementor-element-36e3794 elementor-widget elementor-widget-heading\" data-id=\"36e3794\" data-element_type=\"widget\" data-widget_type=\"heading.default\">\n\t\t\t\t<div class=\"elementor-widget-container\">\n\t\t\t<h4 class=\"elementor-heading-title elementor-size-default\">Best sommelier of the world<\/h4>\t\t<\/div>\n\t\t\t\t<\/div>\n\t\t\t\t<div class=\"elementor-element elementor-element-fe6b4a7 elementor-widget elementor-widget-text-editor\" data-id=\"fe6b4a7\" data-element_type=\"widget\" data-widget_type=\"text-editor.default\">\n\t\t\t\t<div class=\"elementor-widget-container\">\n\t\t\t\t\t\t\t<ul><li><p>2019. <strong>Marc Almert<\/strong> &#8211; Germany<\/p><\/li><li><p>2016. <strong>Jon Arvid Rosengren<\/strong> &#8211; Sweden<\/p><\/li><li><p>2013. <strong>Paolo Basso<\/strong> &#8211; Switzerland<\/p><\/li><li><p>2010. <strong>G\u00e9rard Basset<\/strong> &#8211; Great Britain<\/p><\/li><li><p>2007. <strong>Andreas Larsson<\/strong> &#8211; Sweden<\/p><\/li><li><p>2004. <strong>Enrico Bernardo<\/strong> &#8211; Italy<\/p><\/li><li><p>2000. <strong>Olivier Poussier<\/strong> &#8211; France<\/p><\/li><li><p>1998. <strong>Markus Del Monego<\/strong> &#8211; Germany<\/p><\/li><li><p>1995. <strong>Shinya Tasaki <\/strong>&#8211; Japan<\/p><\/li><li><p>1992. <strong>Philippe Faure &#8211; Brac<\/strong> &#8211; France<\/p><\/li><li><p>1989. <strong>Serge Dubs<\/strong> &#8211; France<\/p><\/li><li><p>1986. <strong>Jean-Claude Jambon <\/strong>&#8211; France<\/p><\/li><li><p>1983. <strong>Jean-Luc Pouteau<\/strong> &#8211; France<\/p><\/li><li><p>1978. <strong>Giuseppe Vaccarini<\/strong> &#8211; Italy<\/p><\/li><li><p>1971. <strong>Piero Sattanin\u043e <\/strong>&#8211; Italy<\/p><\/li><li><p>1969. <strong>Armand Melkonian<\/strong> &#8211; France<\/p><\/li><\/ul>\t\t\t\t\t\t<\/div>\n\t\t\t\t<\/div>\n\t\t\t\t<\/div>\n\t\t<div class=\"elementor-element elementor-element-a99039a e-con-full e-flex e-con e-child\" data-id=\"a99039a\" data-element_type=\"container\" data-settings=\"{&quot;jet_parallax_layout_list&quot;:[]}\">\n\t\t\t\t<div class=\"elementor-element elementor-element-8e2519b elementor-widget elementor-widget-heading\" data-id=\"8e2519b\" data-element_type=\"widget\" data-widget_type=\"heading.default\">\n\t\t\t\t<div class=\"elementor-widget-container\">\n\t\t\t<h4 class=\"elementor-heading-title elementor-size-default\">Best sommelier of Europe and Africa<\/h4>\t\t<\/div>\n\t\t\t\t<\/div>\n\t\t\t\t<div class=\"elementor-element elementor-element-ea46473 elementor-widget elementor-widget-text-editor\" data-id=\"ea46473\" data-element_type=\"widget\" data-widget_type=\"text-editor.default\">\n\t\t\t\t<div class=\"elementor-widget-container\">\n\t\t\t\t\t\t\t<ul><li>2021. <strong>Salvatore Castano &#8211; <\/strong>Italy<\/li><li>2017. <strong>Raimonds Tomsons\u00a0 &#8211; <\/strong>Latvia<\/li><li>2013. <strong>Jon Arvid Rosengren &#8211; <\/strong>Sweden<\/li><li>2010. <strong>Paolo Basso &#8211; <\/strong>Switzerland<\/li><li>2008.<strong> Isa Bal &#8211; <\/strong>Turkey<\/li><li>2006.<strong> Robert Lie &#8211; <\/strong>Norway<\/li><li>2004.<strong> Andreas Larsson &#8211; <\/strong>Sweden<\/li><li>2002.<strong> Enrico Bernardo &#8211; <\/strong>Italy<\/li><li>2000.<strong> Franck Thomas &#8211; <\/strong>France<\/li><li>1998. <strong>\u00c9ric Duret &#8211; <\/strong>France<\/li><li>1996. <strong>G\u00e9rard Basset &#8211; <\/strong>Great Britain<\/li><li>1994.<strong> \u00c9ric Beaumard &#8211; <\/strong>France<\/li><li>1992.<strong> Bernd Kreis &#8211; <\/strong>Germany<\/li><li>1990. <strong>Mikael Soderstrom &#8211; <\/strong>Sweden<\/li><li>1988. <strong>Serge Dubs &#8211; <\/strong>France<\/li><\/ul>\t\t\t\t\t\t<\/div>\n\t\t\t\t<\/div>\n\t\t\t\t<\/div>\n\t\t\t\t\t<\/div>\n\t\t\t\t<\/div>\n\t\t<div class=\"elementor-element elementor-element-0cd1363 e-flex e-con-boxed e-con e-parent\" data-id=\"0cd1363\" data-element_type=\"container\" data-settings=\"{&quot;jet_parallax_layout_list&quot;:[]}\">\n\t\t\t\t\t<div class=\"e-con-inner\">\n\t\t<div class=\"elementor-element elementor-element-d79b6a6 e-con-full e-flex e-con e-child\" data-id=\"d79b6a6\" data-element_type=\"container\" data-settings=\"{&quot;jet_parallax_layout_list&quot;:[]}\">\n\t\t\t\t<div class=\"elementor-element elementor-element-56f8731 elementor-widget elementor-widget-heading\" data-id=\"56f8731\" data-element_type=\"widget\" data-widget_type=\"heading.default\">\n\t\t\t\t<div class=\"elementor-widget-container\">\n\t\t\t<h4 class=\"elementor-heading-title elementor-size-default\">Best sommelier of America<\/h4>\t\t<\/div>\n\t\t\t\t<\/div>\n\t\t\t\t<div class=\"elementor-element elementor-element-8a0404e elementor-widget elementor-widget-text-editor\" data-id=\"8a0404e\" data-element_type=\"widget\" data-widget_type=\"text-editor.default\">\n\t\t\t\t<div class=\"elementor-widget-container\">\n\t\t\t\t\t\t\t<ul><li>2022.<strong> Valeria Gamper &#8211; <\/strong>Argentina<\/li><li>2018.<strong> Pier-Alexis Souli\u00e8re &#8211; <\/strong>Canada<\/li><li>2015.<strong> Paz Levinson &#8211; <\/strong>\u0410rgentina<\/li><li>2012. <strong>V\u00e9ronique Rivest &#8211; <\/strong>Canada<\/li><li>2009. <strong>Elyse Lambert &#8211; <\/strong>Canada<\/li><li>2004. <strong>Ghislain Caron &#8211; <\/strong>Canada<\/li><\/ul>\t\t\t\t\t\t<\/div>\n\t\t\t\t<\/div>\n\t\t\t\t<\/div>\n\t\t<div class=\"elementor-element elementor-element-e543807 e-con-full e-flex e-con e-child\" data-id=\"e543807\" data-element_type=\"container\" data-settings=\"{&quot;jet_parallax_layout_list&quot;:[]}\">\n\t\t\t\t<div class=\"elementor-element elementor-element-a424404 elementor-widget elementor-widget-heading\" data-id=\"a424404\" data-element_type=\"widget\" data-widget_type=\"heading.default\">\n\t\t\t\t<div class=\"elementor-widget-container\">\n\t\t\t<h4 class=\"elementor-heading-title elementor-size-default\">Best sommelier of Australia and Oceania<\/h4>\t\t<\/div>\n\t\t\t\t<\/div>\n\t\t\t\t<div class=\"elementor-element elementor-element-6ab5503 elementor-widget elementor-widget-text-editor\" data-id=\"6ab5503\" data-element_type=\"widget\" data-widget_type=\"text-editor.default\">\n\t\t\t\t<div class=\"elementor-widget-container\">\n\t\t\t\t\t\t\t<ul><li>2018.<strong> Wataru Iwata &#8211; <\/strong>Japan<\/li><li>2015. <strong>Hiroshi Ishida &#8211; <\/strong>Japan<\/li><li>2012. <strong>Frnack Moreau &#8211; <\/strong>Australia<\/li><li>2009.<strong> Satoru Mori &#8211; <\/strong>Japan<\/li><\/ul>\t\t\t\t\t\t<\/div>\n\t\t\t\t<\/div>\n\t\t\t\t<\/div>\n\t\t\t\t\t<\/div>\n\t\t\t\t<\/div>\n\t\t\t\t<\/div>\n\t\t","protected":false},"excerpt":{"rendered":"<p>Our champions Vuk Vuleti\u0107 Serbian Sommelier Competition 2023. Sotiris Neophytidis Balkan Sommelier Challenge 2022 Marko Krsti\u0107 Serbian Young Sommelier Challenge 2021 Milena Zakari\u0107 Serbian Sparkling wine Sommelier Competition 2019 Serbian Young Sommelier Challenge 2021. Marko Krsti\u0107 Serbian Sommelier Competition 2023. Vuk Vuleti\u0107 2020. Ivan Nikoli\u0107 2017. Vuk Vuleti\u0107 2014. Sr\u0111an Janji\u0107 2012. Minja Petrovi\u0107 2010. [&hellip;]<\/p>\n","protected":false},"author":1,"featured_media":0,"parent":0,"menu_order":0,"comment_status":"closed","ping_status":"closed","template":"elementor_header_footer","meta":[],"blocksy_meta":{"styles_descriptor":{"styles":{"desktop":"","tablet":"","mobile":""},"google_fonts":[],"version":6}},"_links":{"self":[{"href":"https:\/\/www.sommelierserbia.com\/en\/wp-json\/wp\/v2\/pages\/3485"}],"collection":[{"href":"https:\/\/www.sommelierserbia.com\/en\/wp-json\/wp\/v2\/pages"}],"about":[{"href":"https:\/\/www.sommelierserbia.com\/en\/wp-json\/wp\/v2\/types\/page"}],"author":[{"embeddable":true,"href":"https:\/\/www.sommelierserbia.com\/en\/wp-json\/wp\/v2\/users\/1"}],"replies":[{"embeddable":true,"href":"https:\/\/www.sommelierserbia.com\/en\/wp-json\/wp\/v2\/comments?post=3485"}],"version-history":[{"count":10,"href":"https:\/\/www.sommelierserbia.com\/en\/wp-json\/wp\/v2\/pages\/3485\/revisions"}],"predecessor-version":[{"id":4531,"href":"https:\/\/www.sommelierserbia.com\/en\/wp-json\/wp\/v2\/pages\/3485\/revisions\/4531"}],"wp:attachment":[{"href":"https:\/\/www.sommelierserbia.com\/en\/wp-json\/wp\/v2\/media?parent=3485"}],"curies":[{"name":"wp","href":"https:\/\/api.w.org\/{rel}","templated":true}]}}